{"id":10,"date":"2024-06-30T11:35:56","date_gmt":"2024-06-30T11:35:56","guid":{"rendered":"http:\/\/hofladen-frei.ch\/?page_id=10"},"modified":"2024-07-25T19:21:37","modified_gmt":"2024-07-25T19:21:37","slug":"produkte","status":"publish","type":"page","link":"https:\/\/hofladen-frei.ch\/?page_id=10","title":{"rendered":"Produkte"},"content":{"rendered":"\t\t<div data-elementor-type=\"wp-page\" data-elementor-id=\"10\" class=\"elementor elementor-10\">\n\t\t\t\t<div class=\"elementor-element elementor-element-48a18e4 e-flex e-con-boxed e-con e-parent\" data-id=\"48a18e4\" data-element_type=\"container\" data-e-type=\"container\">\n\t\t\t\t\t<div class=\"e-con-inner\">\n\t\t\t\t<div class=\"elementor-element elementor-element-11308be elementor-widget elementor-widget-heading\" data-id=\"11308be\" data-element_type=\"widget\" data-e-type=\"widget\" data-widget_type=\"heading.default\">\n\t\t\t\t<div class=\"elementor-widget-container\">\n\t\t\t\t\t<h2 class=\"elementor-heading-title elementor-size-default\">Unsere Produkte - frisch ab Hof<\/h2>\t\t\t\t<\/div>\n\t\t\t\t<\/div>\n\t\t\t\t<div class=\"elementor-element elementor-element-3c160c0 elementor-widget-divider--view-line elementor-widget elementor-widget-divider\" data-id=\"3c160c0\" data-element_type=\"widget\" data-e-type=\"widget\" data-widget_type=\"divider.default\">\n\t\t\t\t<div class=\"elementor-widget-container\">\n\t\t\t\t\t\t\t<div class=\"elementor-divider\">\n\t\t\t<span class=\"elementor-divider-separator\">\n\t\t\t\t\t\t<\/span>\n\t\t<\/div>\n\t\t\t\t\t\t<\/div>\n\t\t\t\t<\/div>\n\t\t\t\t\t<\/div>\n\t\t\t\t<\/div>\n\t\t<div class=\"elementor-element elementor-element-ffcba70 e-flex e-con-boxed e-con e-parent\" data-id=\"ffcba70\" data-element_type=\"container\" data-e-type=\"container\">\n\t\t\t\t\t<div class=\"e-con-inner\">\n\t\t\t\t<div class=\"elementor-element elementor-element-1967eba elementor-widget elementor-widget-html\" data-id=\"1967eba\" data-element_type=\"widget\" data-e-type=\"widget\" data-widget_type=\"html.default\">\n\t\t\t\t<div class=\"elementor-widget-container\">\n\t\t\t\t\t    <div class=\"card-container\">\n      <div class=\"card card-berries\">\n        <div class=\"card-overlay overlay-berries\">\n          <p>Beeren<\/p>\n          <ul>\n              <\/br>\n            <li>Erdbeeren<\/li>\n          <\/ul>\n        <\/div>\n      <\/div>\n      <div class=\"card card-eggs\">\n        <div class=\"card-overlay overlay-eggs\">\n          <p>Eier<\/p>\n          <ul>\n            <\/br>\n            <li>Freilandeier von gl\u00fccklichen H\u00fchnern<\/li>\n          <\/ul>\n        <\/div>\n      <\/div>\n      <div class=\"card card-meat\">\n        <div class=\"card-overlay overlay-meat\">\n          <p>Fleisch<\/p>\n          <ul>\n              <\/br>\n            <li>Feines Schweinefleisch aus eigener Haltung<\/li>\n          <\/ul>\n        <\/div>\n      <\/div>\n      <div class=\"card card-fruits\">\n        <div class=\"card-overlay overlay-fruits\">\n          <p>Fr\u00fcchte<\/p>\n          <ul>\n            <li>\u00c4pfel<\/li>\n            <li>Birnen<\/li>\n            <li>Kirschen<\/li>\n            <li>Quitten<\/li>\n            <li>Zwetschgen<\/li>\n          <\/ul>\n        <\/div>\n      <\/div>\n      <div class=\"card card-veggies\">\n        <div class=\"card-overlay overlay-veggies\">\n          <p>Gem\u00fcse<\/p>\n          <ul>\n            <li>Kartoffeln<\/li>\n            <li>K\u00fcrbisse<\/li>\n            <li>Rhabarbern<\/li>\n            <li>Zwiebeln<\/li>\n          <\/ul>\n        <\/div>\n      <\/div>\n      <div class=\"card card-honey\">\n        <div class=\"card-overlay overlay-honey\">\n          <p>Honig<\/p>\n          <ul>\n              <\/br>\n            <li>aus eigener Imkerei<\/li>\n          <\/ul>\n        <\/div>\n      <\/div>\n      <div class=\"card card-jams\">\n        <div class=\"card-overlay overlay-jams\">\n          <p>Konfit\u00fcren<\/p>\n          <ul>\n              <\/br>\n            <li>Apfel-Holunder<\/li>\n            <li>Erdbeeren-Holunder<\/li>\n            <li>Erdbeer-Rhabarber<\/li>\n          <\/ul>\n        <\/div>\n      <\/div>\n      <div class=\"card card-siroup\">\n        <div class=\"card-overlay overlay-siroup\">\n          <p>Sirup<\/p>\n          <ul>\n            <li>Erdbeeren-Holunderbl\u00fcten<\/li>\n            <li>Holunder<\/li>\n            <li>Holunderbl\u00fcten<\/li>\n          <\/ul>\n        <\/div>\n      <\/div>\n      <div class=\"card card-most\">\n        <div class=\"card-overlay overlay-most\">\n          <p>S\u00fcssmost<\/p>\n          <ul>\n            <li>frisch oder pasteurisiert<\/li>\n          <\/ul>\n        <\/div>\n      <\/div>\n      <div class=\"card card-trockenobst\">\n        <div class=\"card-overlay overlay-trockenobst\">\n          <p>Trockenobst<\/p>\n          <ul>\n            <li>Apfelringli<\/li>\n            <li>Apfelringli mit Zimt<\/li>\n            <li>Erdbeeren<\/li>\n            <li>Zwetschgen<\/li>\n          <\/ul>\n        <\/div>\n      <\/div>\n    <\/div>\t\t\t\t<\/div>\n\t\t\t\t<\/div>\n\t\t\t\t\t<\/div>\n\t\t\t\t<\/div>\n\t\t\t\t<\/div>\n\t\t","protected":false},"excerpt":{"rendered":"<p>Unsere Produkte &#8211; frisch ab Hof Beeren Erdbeeren Eier Freilandeier von gl\u00fccklichen H\u00fchnern Fleisch Feines Schweinefleisch aus eigener Haltung Fr\u00fcchte \u00c4pfel Birnen Kirschen Quitten Zwetschgen Gem\u00fcse Kartoffeln K\u00fcrbisse Rhabarbern Zwiebeln Honig aus eigener Imkerei Konfit\u00fcren Apfel-Holunder Erdbeeren-Holunder Erdbeer-Rhabarber Sirup Erdbeeren-Holunderbl\u00fcten Holunder Holunderbl\u00fcten S\u00fcssmost frisch oder pasteurisiert Trockenobst Apfelringli Apfelringli mit Zimt Erdbeeren Zwetschgen<\/p>\n","protected":false},"author":1,"featured_media":0,"parent":0,"menu_order":0,"comment_status":"closed","ping_status":"open","template":"elementor_header_footer","meta":{"footnotes":""},"class_list":["post-10","page","type-page","status-publish","hentry"],"_links":{"self":[{"href":"https:\/\/hofladen-frei.ch\/index.php?rest_route=\/wp\/v2\/pages\/10","targetHints":{"allow":["GET"]}}],"collection":[{"href":"https:\/\/hofladen-frei.ch\/index.php?rest_route=\/wp\/v2\/pages"}],"about":[{"href":"https:\/\/hofladen-frei.ch\/index.php?rest_route=\/wp\/v2\/types\/page"}],"author":[{"embeddable":true,"href":"https:\/\/hofladen-frei.ch\/index.php?rest_route=\/wp\/v2\/users\/1"}],"replies":[{"embeddable":true,"href":"https:\/\/hofladen-frei.ch\/index.php?rest_route=%2Fwp%2Fv2%2Fcomments&post=10"}],"version-history":[{"count":43,"href":"https:\/\/hofladen-frei.ch\/index.php?rest_route=\/wp\/v2\/pages\/10\/revisions"}],"predecessor-version":[{"id":316,"href":"https:\/\/hofladen-frei.ch\/index.php?rest_route=\/wp\/v2\/pages\/10\/revisions\/316"}],"wp:attachment":[{"href":"https:\/\/hofladen-frei.ch\/index.php?rest_route=%2Fwp%2Fv2%2Fmedia&parent=10"}],"curies":[{"name":"wp","href":"https:\/\/api.w.org\/{rel}","templated":true}]}}