{"id":117,"date":"2024-07-19T11:41:12","date_gmt":"2024-07-19T11:41:12","guid":{"rendered":"http:\/\/hofladen-frei.ch\/?page_id=117"},"modified":"2024-07-19T12:08:57","modified_gmt":"2024-07-19T12:08:57","slug":"impressum","status":"publish","type":"page","link":"https:\/\/hofladen-frei.ch\/?page_id=117","title":{"rendered":"Impressum"},"content":{"rendered":"\t\t<div data-elementor-type=\"wp-page\" data-elementor-id=\"117\" class=\"elementor elementor-117\">\n\t\t\t\t<div class=\"elementor-element elementor-element-157f52c e-flex e-con-boxed e-con e-parent\" data-id=\"157f52c\" data-element_type=\"container\" data-e-type=\"container\">\n\t\t\t\t\t<div class=\"e-con-inner\">\n\t\t\t\t<div class=\"elementor-element elementor-element-e62affd elementor-widget elementor-widget-heading\" data-id=\"e62affd\" data-element_type=\"widget\" data-e-type=\"widget\" data-widget_type=\"heading.default\">\n\t\t\t\t<div class=\"elementor-widget-container\">\n\t\t\t\t\t<h2 class=\"elementor-heading-title elementor-size-default\">Impressum<\/h2>\t\t\t\t<\/div>\n\t\t\t\t<\/div>\n\t\t\t\t\t<\/div>\n\t\t\t\t<\/div>\n\t\t<div class=\"elementor-element elementor-element-833b3d4 e-flex e-con-boxed e-con e-parent\" data-id=\"833b3d4\" data-element_type=\"container\" data-e-type=\"container\">\n\t\t\t\t\t<div class=\"e-con-inner\">\n\t\t<div class=\"elementor-element elementor-element-b492d1f e-con-full e-flex e-con e-child\" data-id=\"b492d1f\" data-element_type=\"container\" data-e-type=\"container\">\n\t\t\t\t<div class=\"elementor-element elementor-element-475e698 elementor-widget elementor-widget-heading\" data-id=\"475e698\" data-element_type=\"widget\" data-e-type=\"widget\" data-widget_type=\"heading.default\">\n\t\t\t\t<div class=\"elementor-widget-container\">\n\t\t\t\t\t<h4 class=\"elementor-heading-title elementor-size-default\">Verantwortlich f\u00fcr den Inhalt der Seiten<\/h4>\t\t\t\t<\/div>\n\t\t\t\t<\/div>\n\t\t\t\t<div class=\"elementor-element elementor-element-53f727c elementor-widget elementor-widget-text-editor\" data-id=\"53f727c\" data-element_type=\"widget\" data-e-type=\"widget\" data-widget_type=\"text-editor.default\">\n\t\t\t\t<div class=\"elementor-widget-container\">\n\t\t\t\t\t\t\t\t\tHofladen Familie Frei<br>\nR\u00fcmlangerstrasse 26<br>\n8105 Watt ZH<br><br>\n044 840 45 35<br>\ninfo@hofladen-frei.ch\t\t\t\t\t\t\t\t<\/div>\n\t\t\t\t<\/div>\n\t\t\t\t<\/div>\n\t\t<div class=\"elementor-element elementor-element-f3dc460 e-con-full e-flex e-con e-child\" data-id=\"f3dc460\" data-element_type=\"container\" data-e-type=\"container\">\n\t\t\t\t<div class=\"elementor-element elementor-element-6b5b3a5 elementor-widget elementor-widget-heading\" data-id=\"6b5b3a5\" data-element_type=\"widget\" data-e-type=\"widget\" data-widget_type=\"heading.default\">\n\t\t\t\t<div class=\"elementor-widget-container\">\n\t\t\t\t\t<h4 class=\"elementor-heading-title elementor-size-default\">Haftung f\u00fcr Verlinkungen<\/h4>\t\t\t\t<\/div>\n\t\t\t\t<\/div>\n\t\t\t\t<div class=\"elementor-element elementor-element-5f95e6d elementor-widget elementor-widget-text-editor\" data-id=\"5f95e6d\" data-element_type=\"widget\" data-e-type=\"widget\" data-widget_type=\"text-editor.default\">\n\t\t\t\t<div class=\"elementor-widget-container\">\n\t\t\t\t\t\t\t\t\tVerweise und Links zu Webseiten Dritter liegen ausserhalb unseres Verantwortungsbereichs. F\u00fcr solche Webseiten wird jegliche Verantwortung abgelehnt. Die Nutzung und der Zugriff auf solche Webseiten erfolgen auf eigenes Risiko der Nutzerinnen und Nutzer.\t\t\t\t\t\t\t\t<\/div>\n\t\t\t\t<\/div>\n\t\t\t\t<div class=\"elementor-element elementor-element-b691bf3 elementor-widget elementor-widget-heading\" data-id=\"b691bf3\" data-element_type=\"widget\" data-e-type=\"widget\" data-widget_type=\"heading.default\">\n\t\t\t\t<div class=\"elementor-widget-container\">\n\t\t\t\t\t<h4 class=\"elementor-heading-title elementor-size-default\">Urheberrechte<\/h4>\t\t\t\t<\/div>\n\t\t\t\t<\/div>\n\t\t\t\t<div class=\"elementor-element elementor-element-c3cf678 elementor-widget elementor-widget-text-editor\" data-id=\"c3cf678\" data-element_type=\"widget\" data-e-type=\"widget\" data-widget_type=\"text-editor.default\">\n\t\t\t\t<div class=\"elementor-widget-container\">\n\t\t\t\t\t\t\t\t\tDie Urheberrechte und alle anderen Rechte an Inhalten, Bildern, Fotos und anderen Dateien auf der Webseite geh\u00f6ren ausschlie\u00dflich dem Verfasser oder den speziell genannten Rechtsinhabern. Die schriftliche Zustimmung der Urheberrechtsinhaber ist im Voraus f\u00fcr die Reproduktion jeglicher Elemente einzuholen.\t\t\t\t\t\t\t\t<\/div>\n\t\t\t\t<\/div>\n\t\t\t\t<\/div>\n\t\t\t\t\t<\/div>\n\t\t\t\t<\/div>\n\t\t\t\t<\/div>\n\t\t","protected":false},"excerpt":{"rendered":"<p>Impressum Verantwortlich f\u00fcr den Inhalt der Seiten Hofladen Familie Frei R\u00fcmlangerstrasse 26 8105 Watt ZH 044 840 45 35 info@hofladen-frei.ch Haftung f\u00fcr Verlinkungen Verweise und Links zu Webseiten Dritter liegen ausserhalb unseres Verantwortungsbereichs. F\u00fcr solche Webseiten wird jegliche Verantwortung abgelehnt. Die Nutzung und der Zugriff auf solche Webseiten erfolgen auf eigenes Risiko der Nutzerinnen und &hellip; <\/p>\n<p class=\"link-more\"><a href=\"https:\/\/hofladen-frei.ch\/?page_id=117\" class=\"more-link\"><span class=\"screen-reader-text\">\u201eImpressum\u201c <\/span>weiterlesen<\/a><\/p>\n","protected":false},"author":1,"featured_media":0,"parent":0,"menu_order":0,"comment_status":"closed","ping_status":"open","template":"elementor_header_footer","meta":{"footnotes":""},"class_list":["post-117","page","type-page","status-publish","hentry"],"_links":{"self":[{"href":"https:\/\/hofladen-frei.ch\/index.php?rest_route=\/wp\/v2\/pages\/117","targetHints":{"allow":["GET"]}}],"collection":[{"href":"https:\/\/hofladen-frei.ch\/index.php?rest_route=\/wp\/v2\/pages"}],"about":[{"href":"https:\/\/hofladen-frei.ch\/index.php?rest_route=\/wp\/v2\/types\/page"}],"author":[{"embeddable":true,"href":"https:\/\/hofladen-frei.ch\/index.php?rest_route=\/wp\/v2\/users\/1"}],"replies":[{"embeddable":true,"href":"https:\/\/hofladen-frei.ch\/index.php?rest_route=%2Fwp%2Fv2%2Fcomments&post=117"}],"version-history":[{"count":13,"href":"https:\/\/hofladen-frei.ch\/index.php?rest_route=\/wp\/v2\/pages\/117\/revisions"}],"predecessor-version":[{"id":133,"href":"https:\/\/hofladen-frei.ch\/index.php?rest_route=\/wp\/v2\/pages\/117\/revisions\/133"}],"wp:attachment":[{"href":"https:\/\/hofladen-frei.ch\/index.php?rest_route=%2Fwp%2Fv2%2Fmedia&parent=117"}],"curies":[{"name":"wp","href":"https:\/\/api.w.org\/{rel}","templated":true}]}}