{"id":128,"date":"2024-07-19T12:02:26","date_gmt":"2024-07-19T12:02:26","guid":{"rendered":"http:\/\/hofladen-frei.ch\/?page_id=128"},"modified":"2025-09-22T17:41:29","modified_gmt":"2025-09-22T17:41:29","slug":"oepfelchueechlifaescht","status":"publish","type":"page","link":"https:\/\/hofladen-frei.ch\/?page_id=128","title":{"rendered":"\u00d6pfelch\u00fcechlif\u00e4scht"},"content":{"rendered":"\t\t<div data-elementor-type=\"wp-page\" data-elementor-id=\"128\" class=\"elementor elementor-128\">\n\t\t\t\t<div class=\"elementor-element elementor-element-5494626 e-flex e-con-boxed e-con e-parent\" data-id=\"5494626\" data-element_type=\"container\" data-e-type=\"container\">\n\t\t\t\t\t<div class=\"e-con-inner\">\n\t\t\t\t<div class=\"elementor-element elementor-element-3e5d261 elementor-widget elementor-widget-heading\" data-id=\"3e5d261\" data-element_type=\"widget\" data-e-type=\"widget\" data-widget_type=\"heading.default\">\n\t\t\t\t<div class=\"elementor-widget-container\">\n\t\t\t\t\t<h1 class=\"elementor-heading-title elementor-size-default\">\u00d6pfelch\u00fcechli-F\u00e4scht<\/h1>\t\t\t\t<\/div>\n\t\t\t\t<\/div>\n\t\t\t\t<div class=\"elementor-element elementor-element-3aa9477 elementor-hidden-desktop elementor-hidden-tablet elementor-hidden-mobile elementor-widget elementor-widget-text-editor\" data-id=\"3aa9477\" data-element_type=\"widget\" data-e-type=\"widget\" data-widget_type=\"text-editor.default\">\n\t\t\t\t<div class=\"elementor-widget-container\">\n\t\t\t\t\t\t\t\t\t<h2>Samstag 06.09.2025<br \/>ab 11:00 bis 21:00 Uhr<\/h2>\t\t\t\t\t\t\t\t<\/div>\n\t\t\t\t<\/div>\n\t\t\t\t<div class=\"elementor-element elementor-element-5f5bddd elementor-widget elementor-widget-text-editor\" data-id=\"5f5bddd\" data-element_type=\"widget\" data-e-type=\"widget\" data-widget_type=\"text-editor.default\">\n\t\t\t\t<div class=\"elementor-widget-container\">\n\t\t\t\t\t\t\t\t\t<h2>Datum wird in K\u00fcrze bekannt gegeben.<\/h2>\t\t\t\t\t\t\t\t<\/div>\n\t\t\t\t<\/div>\n\t\t\t\t\t<\/div>\n\t\t\t\t<\/div>\n\t\t<div class=\"elementor-element elementor-element-7300865 elementor-hidden-desktop elementor-hidden-tablet elementor-hidden-mobile e-flex e-con-boxed e-con e-parent\" data-id=\"7300865\" data-element_type=\"container\" data-e-type=\"container\">\n\t\t\t\t\t<div class=\"e-con-inner\">\n\t\t<div class=\"elementor-element elementor-element-f58b180 e-con-full e-flex e-con e-child\" data-id=\"f58b180\" data-element_type=\"container\" data-e-type=\"container\">\n\t\t\t\t<div class=\"elementor-element elementor-element-0fa4b3e elementor-widget elementor-widget-heading\" data-id=\"0fa4b3e\" data-element_type=\"widget\" data-e-type=\"widget\" data-widget_type=\"heading.default\">\n\t\t\t\t<div class=\"elementor-widget-container\">\n\t\t\t\t\t<h2 class=\"elementor-heading-title elementor-size-default\">Von der Frucht ins Glas\n<\/h2>\t\t\t\t<\/div>\n\t\t\t\t<\/div>\n\t\t\t\t<div class=\"elementor-element elementor-element-4bb8ea0 elementor-widget elementor-widget-text-editor\" data-id=\"4bb8ea0\" data-element_type=\"widget\" data-e-type=\"widget\" data-widget_type=\"text-editor.default\">\n\t\t\t\t<div class=\"elementor-widget-container\">\n\t\t\t\t\t\t\t\t\t<p>Auf unserem Betrieb k\u00f6nnen sie live miterleben, wie \u00c4pfel zu S\u00fcssmost verarbeitet werden.<\/p>\t\t\t\t\t\t\t\t<\/div>\n\t\t\t\t<\/div>\n\t\t\t\t<div class=\"elementor-element elementor-element-862071b elementor-widget elementor-widget-heading\" data-id=\"862071b\" data-element_type=\"widget\" data-e-type=\"widget\" data-widget_type=\"heading.default\">\n\t\t\t\t<div class=\"elementor-widget-container\">\n\t\t\t\t\t<h2 class=\"elementor-heading-title elementor-size-default\">Sch\u00e4tzwettbewerb<\/h2>\t\t\t\t<\/div>\n\t\t\t\t<\/div>\n\t\t\t\t<div class=\"elementor-element elementor-element-a53a526 elementor-widget elementor-widget-text-editor\" data-id=\"a53a526\" data-element_type=\"widget\" data-e-type=\"widget\" data-widget_type=\"text-editor.default\">\n\t\t\t\t<div class=\"elementor-widget-container\">\n\t\t\t\t\t\t\t\t\t<p>W\u00e4hrend dem Fest k\u00f6nnen Sie sich an unserem Sch\u00e4tzwettbewerb versuchen. Die ersten 3 Gewinnern erhalten einen Preis.<\/p>\t\t\t\t\t\t\t\t<\/div>\n\t\t\t\t<\/div>\n\t\t\t\t<\/div>\n\t\t<div class=\"elementor-element elementor-element-b10423f e-con-full e-flex e-con e-child\" data-id=\"b10423f\" data-element_type=\"container\" data-e-type=\"container\">\n\t\t\t\t<div class=\"elementor-element elementor-element-5879182 elementor-widget elementor-widget-heading\" data-id=\"5879182\" data-element_type=\"widget\" data-e-type=\"widget\" data-widget_type=\"heading.default\">\n\t\t\t\t<div class=\"elementor-widget-container\">\n\t\t\t\t\t<h2 class=\"elementor-heading-title elementor-size-default\">\u00d6pfelch\u00fcechli-Wirtschaft<\/h2>\t\t\t\t<\/div>\n\t\t\t\t<\/div>\n\t\t\t\t<div class=\"elementor-element elementor-element-e6f4ac6 elementor-widget elementor-widget-text-editor\" data-id=\"e6f4ac6\" data-element_type=\"widget\" data-e-type=\"widget\" data-widget_type=\"text-editor.default\">\n\t\t\t\t<div class=\"elementor-widget-container\">\n\t\t\t\t\t\t\t\t\t<p>Degustieren Sie unsere guten \u00d6pfelch\u00fcechli, trinken Sie einen Mosterkafi, essen Sie einen feinen Sch\u00fcblig mit Kartoffelsalat oder geniessen Sie den frisch gepressten S\u00fcssmost<\/p>\t\t\t\t\t\t\t\t<\/div>\n\t\t\t\t<\/div>\n\t\t\t\t<\/div>\n\t\t\t\t\t<\/div>\n\t\t\t\t<\/div>\n\t\t<div class=\"elementor-element elementor-element-a632e8b elementor-hidden-desktop elementor-hidden-tablet elementor-hidden-mobile e-flex e-con-boxed e-con e-parent\" data-id=\"a632e8b\" data-element_type=\"container\" data-e-type=\"container\">\n\t\t\t\t\t<div class=\"e-con-inner\">\n\t\t\t\t<div class=\"elementor-element elementor-element-eeed4e0 elementor-widget elementor-widget-text-editor\" data-id=\"eeed4e0\" data-element_type=\"widget\" data-e-type=\"widget\" data-widget_type=\"text-editor.default\">\n\t\t\t\t<div class=\"elementor-widget-container\">\n\t\t\t\t\t\t\t\t\t<p>Wir freuen uns, Sie an unserem \u00d6pfelch\u00fcechli-Fest zu treffen.<\/p>\t\t\t\t\t\t\t\t<\/div>\n\t\t\t\t<\/div>\n\t\t\t\t\t<\/div>\n\t\t\t\t<\/div>\n\t\t<div class=\"elementor-element elementor-element-aaf6afc e-flex e-con-boxed e-con e-parent\" data-id=\"aaf6afc\" data-element_type=\"container\" data-e-type=\"container\" data-settings=\"{&quot;background_background&quot;:&quot;classic&quot;}\">\n\t\t\t\t\t<div class=\"e-con-inner\">\n\t\t\t\t<div class=\"elementor-element elementor-element-e3e23c0 elementor-widget elementor-widget-image\" data-id=\"e3e23c0\" data-element_type=\"widget\" data-e-type=\"widget\" data-widget_type=\"image.default\">\n\t\t\t\t<div class=\"elementor-widget-container\">\n\t\t\t\t\t\t\t\t\t\t\t\t\t\t\t<img fetchpriority=\"high\" decoding=\"async\" width=\"525\" height=\"350\" src=\"https:\/\/hofladen-frei.ch\/wp-content\/uploads\/2024\/07\/oepfelkuechli.jpg\" class=\"attachment-large size-large wp-image-179\" alt=\"\" srcset=\"https:\/\/hofladen-frei.ch\/wp-content\/uploads\/2024\/07\/oepfelkuechli.jpg 900w, https:\/\/hofladen-frei.ch\/wp-content\/uploads\/2024\/07\/oepfelkuechli-300x200.jpg 300w, https:\/\/hofladen-frei.ch\/wp-content\/uploads\/2024\/07\/oepfelkuechli-768x512.jpg 768w\" sizes=\"100vw\" \/>\t\t\t\t\t\t\t\t\t\t\t\t\t\t\t<\/div>\n\t\t\t\t<\/div>\n\t\t\t\t\t<\/div>\n\t\t\t\t<\/div>\n\t\t\t\t<\/div>\n\t\t","protected":false},"excerpt":{"rendered":"<p>\u00d6pfelch\u00fcechli-F\u00e4scht Samstag 06.09.2025ab 11:00 bis 21:00 Uhr Datum wird in K\u00fcrze bekannt gegeben. Von der Frucht ins Glas Auf unserem Betrieb k\u00f6nnen sie live miterleben, wie \u00c4pfel zu S\u00fcssmost verarbeitet werden. Sch\u00e4tzwettbewerb W\u00e4hrend dem Fest k\u00f6nnen Sie sich an unserem Sch\u00e4tzwettbewerb versuchen. Die ersten 3 Gewinnern erhalten einen Preis. \u00d6pfelch\u00fcechli-Wirtschaft Degustieren Sie unsere guten \u00d6pfelch\u00fcechli, &hellip; <\/p>\n<p class=\"link-more\"><a href=\"https:\/\/hofladen-frei.ch\/?page_id=128\" class=\"more-link\"><span class=\"screen-reader-text\">\u201e\u00d6pfelch\u00fcechlif\u00e4scht\u201c <\/span>weiterlesen<\/a><\/p>\n","protected":false},"author":1,"featured_media":0,"parent":0,"menu_order":0,"comment_status":"closed","ping_status":"open","template":"elementor_header_footer","meta":{"footnotes":""},"class_list":["post-128","page","type-page","status-publish","hentry"],"_links":{"self":[{"href":"https:\/\/hofladen-frei.ch\/index.php?rest_route=\/wp\/v2\/pages\/128","targetHints":{"allow":["GET"]}}],"collection":[{"href":"https:\/\/hofladen-frei.ch\/index.php?rest_route=\/wp\/v2\/pages"}],"about":[{"href":"https:\/\/hofladen-frei.ch\/index.php?rest_route=\/wp\/v2\/types\/page"}],"author":[{"embeddable":true,"href":"https:\/\/hofladen-frei.ch\/index.php?rest_route=\/wp\/v2\/users\/1"}],"replies":[{"embeddable":true,"href":"https:\/\/hofladen-frei.ch\/index.php?rest_route=%2Fwp%2Fv2%2Fcomments&post=128"}],"version-history":[{"count":25,"href":"https:\/\/hofladen-frei.ch\/index.php?rest_route=\/wp\/v2\/pages\/128\/revisions"}],"predecessor-version":[{"id":605,"href":"https:\/\/hofladen-frei.ch\/index.php?rest_route=\/wp\/v2\/pages\/128\/revisions\/605"}],"wp:attachment":[{"href":"https:\/\/hofladen-frei.ch\/index.php?rest_route=%2Fwp%2Fv2%2Fmedia&parent=128"}],"curies":[{"name":"wp","href":"https:\/\/api.w.org\/{rel}","templated":true}]}}